{"id":22,"date":"2017-03-10T06:03:45","date_gmt":"2017-03-10T06:03:45","guid":{"rendered":"https:\/\/teste.jdx.info\/?page_id=22"},"modified":"2020-10-29T15:03:19","modified_gmt":"2020-10-29T19:03:19","slug":"nous-contacter","status":"publish","type":"page","link":"https:\/\/www.jdx.info\/lutte\/nous-contacter\/","title":{"rendered":"Nous Contacter"},"content":{"rendered":"\n<p>Vous voulez bosser avec nous pour informer la communaut\u00e9 du catch, nous avons besoin de gens pour les nouvelles de la WWE, AEW, Impact, ROH, NJPW et de la lutte ind\u00e9pendante, en plus des r\u00e9sultats et vid\u00e9os des show.<\/p>\n\n\n\n<p>pour faire parti de l&rsquo;\u00e9quipe contacter Jason Desc\u00f4teaux l&rsquo;administrateur du site au <a href=\"nailto:j_dx@hotmail.com\">J_DX@hotmail.com<\/a> <\/p>\n<p><\/p>","protected":false},"excerpt":{"rendered":"<p>Vous voulez bosser avec nous pour informer la communaut\u00e9 du catch, nous avons besoin de gens pour les nouvelles de la WWE, AEW, Impact, ROH, NJPW et de la lutte ind\u00e9pendante, en plus des r\u00e9sultats et vid\u00e9os des show. pour faire parti de l&rsquo;\u00e9quipe contacter Jason Desc\u00f4teaux l&rsquo;administrateur du site au J_DX@hotmail.com<\/p>\n","protected":false},"author":1,"featured_media":0,"parent":0,"menu_order":0,"comment_status":"closed","ping_status":"closed","template":"","meta":{"footnotes":""},"class_list":["post-22","page","type-page","status-publish","hentry"],"_links":{"self":[{"href":"https:\/\/www.jdx.info\/lutte\/wp-json\/wp\/v2\/pages\/22","targetHints":{"allow":["GET"]}}],"collection":[{"href":"https:\/\/www.jdx.info\/lutte\/wp-json\/wp\/v2\/pages"}],"about":[{"href":"https:\/\/www.jdx.info\/lutte\/wp-json\/wp\/v2\/types\/page"}],"author":[{"embeddable":true,"href":"https:\/\/www.jdx.info\/lutte\/wp-json\/wp\/v2\/users\/1"}],"replies":[{"embeddable":true,"href":"https:\/\/www.jdx.info\/lutte\/wp-json\/wp\/v2\/comments?post=22"}],"version-history":[{"count":8,"href":"https:\/\/www.jdx.info\/lutte\/wp-json\/wp\/v2\/pages\/22\/revisions"}],"predecessor-version":[{"id":39603,"href":"https:\/\/www.jdx.info\/lutte\/wp-json\/wp\/v2\/pages\/22\/revisions\/39603"}],"wp:attachment":[{"href":"https:\/\/www.jdx.info\/lutte\/wp-json\/wp\/v2\/media?parent=22"}],"curies":[{"name":"wp","href":"https:\/\/api.w.org\/{rel}","templated":true}]}}